{"id":119,"date":"2024-11-22T21:24:00","date_gmt":"2024-11-22T20:24:00","guid":{"rendered":"https:\/\/adlibitum83.com\/?page_id=119"},"modified":"2026-03-13T19:03:30","modified_gmt":"2026-03-13T18:03:30","slug":"accueil","status":"publish","type":"page","link":"https:\/\/adlibitum83.com\/","title":{"rendered":"Accueil"},"content":{"rendered":"\n<p><em>C&rsquo;est en 1985, que l&rsquo;orchestre AD LIBITUM, bas\u00e9 \u00e0 Fr\u00e9jus et \u00e0 Saint Rapha\u00ebl a \u00e9t\u00e9 fond\u00e9. L&rsquo;ensemble r\u00e9unit des amateurs, des anciens professionnels et des \u00e9tudiants musiciens autour d&rsquo;une passion commune, la musique.<\/em> &nbsp;<\/p>\n\n\n\n<p><em>Depuis 40 ans, nous partageons notre amour pour la musique suivi par une communaut\u00e9 de m\u00e9lomanes fid\u00e8les, avec la volont\u00e9 d&rsquo;offrir des prestations musicales de qualit\u00e9 et promouvoir la culture artistique dans la r\u00e9gion<\/em>.\u200b<\/p>\n\n\n\n<h2 class=\"wp-block-heading has-text-align-center\"><strong>AD LIBITUM recrute<\/strong><\/h2>\n\n\n\n<p class=\"is-style-prefix-rounded-corners-10\"><em>Vous \u00eates un musicien motiv\u00e9 avec un bon niveau instrumental ? Rejoignez nos rangs de musiciens b\u00e9n\u00e9voles ! Toutes les bonnes volont\u00e9s sont bienvenues, quel que soit votre instrument. R\u00e9p\u00e9titions tous les mardis de 20h \u00e0 22h15, Maison de quartier de la Tour de Mare, 65 all\u00e9e du serpolet \u00e0 Fr\u00e9jus.<\/em><\/p>\n\n\n\n<figure class=\"wp-block-embed is-type-video is-provider-youtube wp-block-embed-youtube wp-embed-aspect-16-9 wp-has-aspect-ratio\"><div class=\"wp-block-embed__wrapper\">\n<iframe loading=\"lazy\" title=\"C. Saint-Sa\u00ebns : Suite pour orchestre op.49 (Pr\u00e9lude, Sarabande, Gavotte)\" width=\"640\" height=\"360\" src=\"https:\/\/www.youtube.com\/embed\/6zq2iUG-YTE?feature=oembed\" frameborder=\"0\" allow=\"accelerometer; autoplay; clipboard-write; encrypted-media; gyroscope; picture-in-picture; web-share\" referrerpolicy=\"strict-origin-when-cross-origin\" allowfullscreen><\/iframe>\n<\/div><\/figure>\n\n\n\n<h1 class=\"wp-block-heading has-text-align-center\"><\/h1>\n\n\n\n<figure class=\"wp-block-gallery has-nested-images columns-default is-cropped wp-block-gallery-1 is-layout-flex wp-block-gallery-is-layout-flex\"><\/figure>\n\n\n\n<h1 class=\"wp-block-heading has-text-align-center\"><\/h1>\n\n\n\n<figure class=\"wp-block-gallery has-nested-images columns-default is-cropped wp-block-gallery-2 is-layout-flex wp-block-gallery-is-layout-flex\"><\/figure>\n\n\n\n<figure class=\"wp-block-gallery has-nested-images columns-default is-cropped wp-block-gallery-3 is-layout-flex wp-block-gallery-is-layout-flex\">\n<figure class=\"wp-block-image size-large\"><img loading=\"lazy\" decoding=\"async\" width=\"1024\" height=\"724\" data-id=\"570\" src=\"https:\/\/adlibitum83.com\/wp-content\/uploads\/2025\/11\/470566913_1143975391063358_7485790268975394401_n-1024x724.jpg\" alt=\"\" class=\"wp-image-570\" srcset=\"https:\/\/adlibitum83.com\/wp-content\/uploads\/2025\/11\/470566913_1143975391063358_7485790268975394401_n-1024x724.jpg 1024w, https:\/\/adlibitum83.com\/wp-content\/uploads\/2025\/11\/470566913_1143975391063358_7485790268975394401_n-300x212.jpg 300w, https:\/\/adlibitum83.com\/wp-content\/uploads\/2025\/11\/470566913_1143975391063358_7485790268975394401_n-768x543.jpg 768w, https:\/\/adlibitum83.com\/wp-content\/uploads\/2025\/11\/470566913_1143975391063358_7485790268975394401_n-1536x1086.jpg 1536w, https:\/\/adlibitum83.com\/wp-content\/uploads\/2025\/11\/470566913_1143975391063358_7485790268975394401_n.jpg 1754w\" sizes=\"auto, (max-width: 1024px) 100vw, 1024px\" \/><\/figure>\n<\/figure>\n","protected":false},"excerpt":{"rendered":"<p>C&rsquo;est en 1985, que l&rsquo;orchestre AD LIBITUM, bas\u00e9 \u00e0 Fr\u00e9jus et \u00e0 Saint Rapha\u00ebl a \u00e9t\u00e9 fond\u00e9. L&rsquo;ensemble r\u00e9unit des amateurs, des<\/p>\n<p class=\"link-more\"><a class=\"myButt \" href=\"https:\/\/adlibitum83.com\/\">Read More<\/a><\/p>\n","protected":false},"author":1,"featured_media":23,"parent":0,"menu_order":0,"comment_status":"closed","ping_status":"closed","template":"","meta":{"footnotes":""},"class_list":["post-119","page","type-page","status-publish","has-post-thumbnail","hentry"],"_links":{"self":[{"href":"https:\/\/adlibitum83.com\/index.php?rest_route=\/wp\/v2\/pages\/119","targetHints":{"allow":["GET"]}}],"collection":[{"href":"https:\/\/adlibitum83.com\/index.php?rest_route=\/wp\/v2\/pages"}],"about":[{"href":"https:\/\/adlibitum83.com\/index.php?rest_route=\/wp\/v2\/types\/page"}],"author":[{"embeddable":true,"href":"https:\/\/adlibitum83.com\/index.php?rest_route=\/wp\/v2\/users\/1"}],"replies":[{"embeddable":true,"href":"https:\/\/adlibitum83.com\/index.php?rest_route=%2Fwp%2Fv2%2Fcomments&post=119"}],"version-history":[{"count":95,"href":"https:\/\/adlibitum83.com\/index.php?rest_route=\/wp\/v2\/pages\/119\/revisions"}],"predecessor-version":[{"id":601,"href":"https:\/\/adlibitum83.com\/index.php?rest_route=\/wp\/v2\/pages\/119\/revisions\/601"}],"wp:featuredmedia":[{"embeddable":true,"href":"https:\/\/adlibitum83.com\/index.php?rest_route=\/wp\/v2\/media\/23"}],"wp:attachment":[{"href":"https:\/\/adlibitum83.com\/index.php?rest_route=%2Fwp%2Fv2%2Fmedia&parent=119"}],"curies":[{"name":"wp","href":"https:\/\/api.w.org\/{rel}","templated":true}]}}